{"id":72,"date":"2023-09-27T20:02:21","date_gmt":"2023-09-27T20:02:21","guid":{"rendered":"https:\/\/edicionescatolicas.org\/?page_id=72"},"modified":"2023-09-27T20:12:59","modified_gmt":"2023-09-27T20:12:59","slug":"fe-catolica","status":"publish","type":"page","link":"https:\/\/edicionescatolicas.org\/index.php\/fe-catolica\/","title":{"rendered":"Fe Cat\u00f3lica"},"content":{"rendered":"\n<figure class=\"wp-block-image size-full\"><img loading=\"lazy\" decoding=\"async\" width=\"800\" height=\"889\" src=\"https:\/\/edicionescatolicas.org\/wp-content\/uploads\/2023\/09\/Adoracion-de-la-Trinidad.webp\" alt=\"\" class=\"wp-image-73\" srcset=\"https:\/\/edicionescatolicas.org\/wp-content\/uploads\/2023\/09\/Adoracion-de-la-Trinidad.webp 800w, https:\/\/edicionescatolicas.org\/wp-content\/uploads\/2023\/09\/Adoracion-de-la-Trinidad-270x300.webp 270w, https:\/\/edicionescatolicas.org\/wp-content\/uploads\/2023\/09\/Adoracion-de-la-Trinidad-768x853.webp 768w, https:\/\/edicionescatolicas.org\/wp-content\/uploads\/2023\/09\/Adoracion-de-la-Trinidad-300x333.webp 300w\" sizes=\"auto, (max-width: 800px) 100vw, 800px\" \/><\/figure>\n\n\n\n<h2 class=\"wp-block-heading\">S\u00edmbolo Quicumque<\/h2>\n\n\n\n<p><strong>Ant\u00edfona<\/strong><br><em>Gloria a Ti, Trinidad igual, \u00fanica Deidad, antes de los siglos, y ahora, y siempre (T. P. Aleluya).<\/em><\/p>\n\n\n\n<ol class=\"wp-block-list\">\n<li>Todo el que quiera salvarse, es preciso ante todo que profese la fe cat\u00f3lica:<\/li>\n\n\n\n<li>Pues quien no la observe \u00edntegra y sin tacha, sin duda alguna perecer\u00e1 eternamente.<\/li>\n\n\n\n<li>Y \u00e9sta es la fe cat\u00f3lica: que veneremos a un solo Dios en la Trinidad Sant\u00edsima y a la Trinidad en la unidad.<\/li>\n\n\n\n<li>Sin confundir las personas, ni separar la substancia.<\/li>\n\n\n\n<li>Porque una es la persona del Padre, otra la del Hijo y otra la del Esp\u00edritu Santo.<\/li>\n\n\n\n<li>Pero el Padre, el Hijo y el Esp\u00edritu Santo son una sola divinidad, les corresponde igual gloria y majestad eterna.<\/li>\n\n\n\n<li>Cual es el Padre, tal es el Hijo, tal el Esp\u00edritu Santo.<\/li>\n\n\n\n<li>Increado el Padre, increado el Hijo, increado el Esp\u00edritu Santo.<\/li>\n\n\n\n<li>Inmenso el Padre, inmenso el Hijo, inmenso el Esp\u00edritu Santo.<\/li>\n\n\n\n<li>Eterno el Padre, eterno el Hijo, eterno el Esp\u00edritu Santo.<\/li>\n\n\n\n<li>Y sin embargo no son tres eternos, sino un solo eterno.<\/li>\n\n\n\n<li>De la misma manera, no tres increados, ni tres inmensos, sino un increado y un inmenso.<\/li>\n\n\n\n<li>Igualmente omnipotente el Padre, omnipotente el Hijo, omnipotente el Esp\u00edritu Santo.<\/li>\n\n\n\n<li>Y, sin embargo, no tres omnipotentes, sino un omnipotente.<\/li>\n\n\n\n<li>Del mismo modo, el Padre es Dios, el Hijo es Dios, el Esp\u00edritu Santo es Dios.<\/li>\n\n\n\n<li>Y, sin embargo, no son tres Dioses, sino un solo Dios.<\/li>\n\n\n\n<li>As\u00ed el Padre es Se\u00f1or, el Hijo es Se\u00f1or, el Esp\u00edritu Santo es Se\u00f1or.<\/li>\n\n\n\n<li>Y, sin embargo, no son tres Se\u00f1ores, sino un solo Se\u00f1or.<\/li>\n\n\n\n<li>Porque as\u00ed como la verdad cristiana nos obliga a creer que cada persona es Dios y Se\u00f1or, la religi\u00f3n cat\u00f3lica nos prohibe que hablemos de tres Dioses o Se\u00f1ores.<\/li>\n\n\n\n<li>El Padre no ha sido hecho por nadie, ni creado, ni engendrado.<\/li>\n\n\n\n<li>El Hijo procede solamente del Padre, no hecho, ni creado, sino engendrado.<\/li>\n\n\n\n<li>El Esp\u00edritu Santo procede del Padre y del Hijo, no hecho, ni creado, ni engendrado, sino procedente.<\/li>\n\n\n\n<li>Por tanto hay un solo Padre, no tres Padres; un Hijo, no tres Hijos; un Esp\u00edritu Santo, no tres Esp\u00edritus Santos.<\/li>\n\n\n\n<li>Y en esta Trinidad nada hay anterior o posterior, nada mayor o menor: pues las tres personas son coeternas e iguales entre s\u00ed.<\/li>\n\n\n\n<li>De tal manera que, como ya se ha dicho antes, hemos de venerar la unidad en la Trinidad y la Trinidad en la unidad.<\/li>\n\n\n\n<li>Por tanto, quien quiera salvarse es necesario que crea estas cosas sobre la Trinidad.<\/li>\n\n\n\n<li>Pero para alcanzar la salvaci\u00f3n eterna es preciso tambi\u00e9n creer firmemente en la Encarnaci\u00f3n de Nuestro Se\u00f1or Jesucristo.<\/li>\n\n\n\n<li>La fe verdadera consiste en que creamos y confesemos que Nuestro Se\u00f1or Jesucristo; Hijo de Dios, es Dios y Hombre.<\/li>\n\n\n\n<li>Es Dios, engendrado de la misma substancia que el Padre, antes del tiempo; y hombre, engendrado de la substancia de su Madre Sant\u00edsima en el tiempo.<\/li>\n\n\n\n<li>Perfecto Dios y perfecto hombre: que subsiste con alma racional y carne humana.<\/li>\n\n\n\n<li>Es igual al Padre seg\u00fan la divinidad; menor que el Padre seg\u00fan la humanidad.<\/li>\n\n\n\n<li>El cual, aunque es Dios y hombre, no son dos cristos, sino un solo Cristo.<\/li>\n\n\n\n<li>Uno, no por conversi\u00f3n de la divinidad en cuerpo, sino por asunci\u00f3n de la humanidad en Dios.<\/li>\n\n\n\n<li>Uno absolutamente, no por confusi\u00f3n de substancia, sino en la unidad de la persona.<\/li>\n\n\n\n<li>Pues como el alma racional y el cuerpo forman un hombre; as\u00ed, Cristo es uno, siendo Dios y hombre.<\/li>\n\n\n\n<li>Que padeci\u00f3 por nuestra salvaci\u00f3n: descendi\u00f3 a los infiernos y al tercer d\u00eda resucit\u00f3 de entre los muertos.<\/li>\n\n\n\n<li>Subi\u00f3 a los cielos y est\u00e1 sentado a la diestra de Dios Padre Todopoderoso: desde all\u00ed ha de venir a juzgar a los vivos y a los muertos.<\/li>\n\n\n\n<li>Y cuando venga, todos los hombres resucitar\u00e1n con sus cuerpos, y cada uno rendir\u00e1 cuentas de sus propios hechos.<\/li>\n\n\n\n<li>Y los que hicieron el bien gozar\u00e1n de vida eterna, pero los que hicieron el mal ir\u00e1n al fuego eterno.<\/li>\n\n\n\n<li>Esta es la fe cat\u00f3lica, y quien no la crea fiel y firmemente<br>no se podr\u00e1 salvar.<\/li>\n<\/ol>\n\n\n\n<p>Gloria al Padre\u2026<br>Ant. Gloria a Ti, Trinidad igual, \u00fanica Deidad, antes de los siglos, y ahora, y siempre (T. P. Aleluya).<\/p>\n\n\n\n<p>V. Se\u00f1or, escucha mi oraci\u00f3n.<br>R.Y llegue a Ti mi clamor.<\/p>\n\n\n\n<p>Los sacerdotes a\u00f1aden:<\/p>\n\n\n\n<p>V. El Se\u00f1or est\u00e9 con vosotros.<br>R. Y con tu esp\u00edritu.<\/p>\n\n\n\n<p>Oremos<br>Oh Dios todopoderoso y eterno, que con la luz de la verdadera fe diste a tus siervos conocer la gloria de la Trinidad eterna, y adorar la Unidad en el poder de tu majestad: haz, te suplicamos, que, por la firmeza de esa misma fe, seamos defendidos siempre de toda adversidad. Por Nuestro Se\u00f1or Jesucristo, tu Hijo, que contigo vive y reina en la unidad del Esp\u00edritu Santo, Dios, por todos los siglos de los siglos.<br>R. Am\u00e9n.<\/p>\n","protected":false},"excerpt":{"rendered":"<p>S\u00edmbolo Quicumque Ant\u00edfonaGloria a Ti, Trinidad igual, \u00fanica Deidad, antes de los siglos, y ahora, y siempre (T. P. Aleluya). Gloria al Padre\u2026Ant. Gloria a Ti, Trinidad igual, \u00fanica Deidad, antes de los siglos, y ahora, y siempre (T. P. Aleluya). V. Se\u00f1or, escucha mi oraci\u00f3n.R.Y llegue a Ti mi clamor. Los sacerdotes a\u00f1aden: V&#8230;.<\/p>\n","protected":false},"author":1,"featured_media":0,"parent":0,"menu_order":0,"comment_status":"closed","ping_status":"closed","template":"","meta":{"footnotes":""},"class_list":["post-72","page","type-page","status-publish","hentry"],"_links":{"self":[{"href":"https:\/\/edicionescatolicas.org\/index.php\/wp-json\/wp\/v2\/pages\/72","targetHints":{"allow":["GET"]}}],"collection":[{"href":"https:\/\/edicionescatolicas.org\/index.php\/wp-json\/wp\/v2\/pages"}],"about":[{"href":"https:\/\/edicionescatolicas.org\/index.php\/wp-json\/wp\/v2\/types\/page"}],"author":[{"embeddable":true,"href":"https:\/\/edicionescatolicas.org\/index.php\/wp-json\/wp\/v2\/users\/1"}],"replies":[{"embeddable":true,"href":"https:\/\/edicionescatolicas.org\/index.php\/wp-json\/wp\/v2\/comments?post=72"}],"version-history":[{"count":1,"href":"https:\/\/edicionescatolicas.org\/index.php\/wp-json\/wp\/v2\/pages\/72\/revisions"}],"predecessor-version":[{"id":74,"href":"https:\/\/edicionescatolicas.org\/index.php\/wp-json\/wp\/v2\/pages\/72\/revisions\/74"}],"wp:attachment":[{"href":"https:\/\/edicionescatolicas.org\/index.php\/wp-json\/wp\/v2\/media?parent=72"}],"curies":[{"name":"wp","href":"https:\/\/api.w.org\/{rel}","templated":true}]}}